{"id":1560,"date":"2023-04-24T22:56:33","date_gmt":"2023-04-24T20:56:33","guid":{"rendered":"https:\/\/musicandlol.com\/?page_id=1560"},"modified":"2025-08-27T09:42:05","modified_gmt":"2025-08-27T07:42:05","slug":"radio-scarpe-sensee-avec-music-and-lol","status":"publish","type":"page","link":"https:\/\/musicandlol.com\/?page_id=1560","title":{"rendered":"Radio Scarpe Sens\u00e9e avec Music and Lol"},"content":{"rendered":"<div class=\"wp-block-image\">\n<figure class=\"aligncenter size-large is-resized\"><img loading=\"lazy\" decoding=\"async\" width=\"1024\" height=\"1024\" src=\"https:\/\/musicandlol.com\/wp-content\/uploads\/2023\/04\/Remo-Tintin-Music-And-Lol-1024x1024.jpg\" alt=\"\" class=\"wp-image-1569\" style=\"width:444px;height:444px\" srcset=\"https:\/\/musicandlol.com\/wp-content\/uploads\/2023\/04\/Remo-Tintin-Music-And-Lol-1024x1024.jpg 1024w, https:\/\/musicandlol.com\/wp-content\/uploads\/2023\/04\/Remo-Tintin-Music-And-Lol-300x300.jpg 300w, https:\/\/musicandlol.com\/wp-content\/uploads\/2023\/04\/Remo-Tintin-Music-And-Lol-150x150.jpg 150w, https:\/\/musicandlol.com\/wp-content\/uploads\/2023\/04\/Remo-Tintin-Music-And-Lol-768x768.jpg 768w, https:\/\/musicandlol.com\/wp-content\/uploads\/2023\/04\/Remo-Tintin-Music-And-Lol.jpg 1536w\" sizes=\"auto, (max-width: 1024px) 100vw, 1024px\" \/><\/figure>\n<\/div>\n\n\n<hr class=\"wp-block-separator has-alpha-channel-opacity\"\/>\n\n\n\n<p class=\"has-text-align-center\">Quand on pense \u00e0 <strong>R\u00e9mo Tintin<\/strong>, on imagine d\u2019abord ses spectacles, ses concerts, ses projets culturels\u2026 Mais R\u00e9mo, ce n\u2019est pas que \u00e7a.<br>C\u2019est aussi un <strong>homme de radio<\/strong>, passionn\u00e9 et g\u00e9n\u00e9reux, capable d\u2019improviser des \u00e9missions <strong>sans filet<\/strong> comme personne.<\/p>\n\n\n\n<p class=\"has-text-align-center\">Avec lui, <strong>chaque \u00e9mission est une aventure<\/strong> : des rencontres improbables, des \u00e9changes sinc\u00e8res, un humour d\u00e9capant et une authenticit\u00e9 rare.<br>Pas de script, pas de faux-semblants : R\u00e9mo vous embarque dans son univers sonore unique, o\u00f9 la radio redevient vivante, libre et vibrante.<\/p>\n\n\n\n<hr class=\"wp-block-separator has-alpha-channel-opacity\"\/>\n\n\n\n<p>\ud83d\udc49 Retrouvez ses \u00e9missions sur <strong>Radio Scarpe Sens\u00e9e<\/strong>, diffus\u00e9es sur le 94.10 FM (Douai, Arras, Lens, Cambrai) ou en ligne.<br>Laissez-vous surprendre : vous n\u2019avez jamais entendu une radio comme celle de R\u00e9mo Tintin.<\/p>\n\n\n\n<div class=\"ml-btn-wrap\"> \n  <a class=\"ml-button\"\n     href=\"https:\/\/radioscarpesensee.com\/?s=remo+tintin\"\n     target=\"_blank\"\n     rel=\"noopener noreferrer\"\n     onclick=\"window.open(this.href, '_blank'); return false;\">\n    \ud83c\udfa7 \u00c9couter les \u00e9missions de R\u00e9mo Tintin\n  <\/a>\n<\/div>\n\n\n\n<hr class=\"wp-block-separator has-alpha-channel-opacity\"\/>\n\n\n\n<p class=\"has-text-align-center\">Venez d\u00e9couvrir nos \u00e9missions radio \u00ab\u00a0Music And Lol\u00a0\u00bb enregistr\u00e9es et diffus\u00e9es pour la radio Scarpe Sens\u00e9e <\/p>\n\n\n\n<div class=\"ml-btn-wrap\"> \n  <a class=\"ml-button\" \n     href=\"https:\/\/radioscarpesensee.com\/emissions-magazines\/music-lol\/?fbclid=IwAR0W2YMzA497m67IGjLt48mcYvfooTBjVH3DiWahRpUN2QazAjfN2pVZ-C8\" \n     target=\"_blank\" \n     rel=\"noopener noreferrer\" \n     onclick=\"window.open(this.href, '_blank'); return false;\">\n    \ud83c\udfa7 Ou regardez sa fiche de pr\u00e9sentation !\n  <\/a> \n<\/div>\n\n\n\n<p class=\"has-text-align-center\"><\/p>\n","protected":false},"excerpt":{"rendered":"<p>Quand on pense \u00e0 R\u00e9mo Tintin, on imagine d\u2019abord ses spectacles, ses concerts, ses projets [&hellip;]<\/p>\n","protected":false},"author":1,"featured_media":0,"parent":0,"menu_order":0,"comment_status":"closed","ping_status":"closed","template":"","meta":{"_price":"","_stock":"","_tribe_ticket_header":"","_tribe_default_ticket_provider":"","_tribe_ticket_capacity":"0","_ticket_start_date":"","_ticket_end_date":"","_tribe_ticket_show_description":"","_tribe_ticket_show_not_going":false,"_tribe_ticket_use_global_stock":"","_tribe_ticket_global_stock_level":"","_global_stock_mode":"","_global_stock_cap":"","_tribe_rsvp_for_event":"","_tribe_ticket_going_count":"","_tribe_ticket_not_going_count":"","_tribe_tickets_list":"[]","_tribe_ticket_has_attendee_info_fields":false,"footnotes":"","_tec_slr_enabled":"","_tec_slr_layout":""},"class_list":["post-1560","page","type-page","status-publish","hentry"],"ticketed":false,"_links":{"self":[{"href":"https:\/\/musicandlol.com\/index.php?rest_route=\/wp\/v2\/pages\/1560","targetHints":{"allow":["GET"]}}],"collection":[{"href":"https:\/\/musicandlol.com\/index.php?rest_route=\/wp\/v2\/pages"}],"about":[{"href":"https:\/\/musicandlol.com\/index.php?rest_route=\/wp\/v2\/types\/page"}],"author":[{"embeddable":true,"href":"https:\/\/musicandlol.com\/index.php?rest_route=\/wp\/v2\/users\/1"}],"replies":[{"embeddable":true,"href":"https:\/\/musicandlol.com\/index.php?rest_route=%2Fwp%2Fv2%2Fcomments&post=1560"}],"version-history":[{"count":6,"href":"https:\/\/musicandlol.com\/index.php?rest_route=\/wp\/v2\/pages\/1560\/revisions"}],"predecessor-version":[{"id":2104,"href":"https:\/\/musicandlol.com\/index.php?rest_route=\/wp\/v2\/pages\/1560\/revisions\/2104"}],"wp:attachment":[{"href":"https:\/\/musicandlol.com\/index.php?rest_route=%2Fwp%2Fv2%2Fmedia&parent=1560"}],"curies":[{"name":"wp","href":"https:\/\/api.w.org\/{rel}","templated":true}]}}