{"id":1655,"date":"2025-03-22T16:30:19","date_gmt":"2025-03-22T15:30:19","guid":{"rendered":"https:\/\/musicandlol.com\/?page_id=1655"},"modified":"2025-11-07T16:09:01","modified_gmt":"2025-11-07T15:09:01","slug":"pour-les-adultes","status":"publish","type":"page","link":"https:\/\/musicandlol.com\/?page_id=1655","title":{"rendered":"R\u00e9serv\u00e9s aux adultes"},"content":{"rendered":"\n<h2 class=\"wp-block-heading has-text-align-center\">\ud83c\udf77 Nos spectacles adultes<\/h2>\n\n\n\n<p class=\"has-text-align-center\">Un humour sans filtre, des histoires intimes ou d\u00e9cal\u00e9es : nos spectacles adultes s\u2019adressent \u00e0 un public averti, pr\u00eat \u00e0 rire, r\u00e9fl\u00e9chir et se laisser surprendre.<\/p>\n\n\n\n<div class=\"ml-btn-wrap\"> <a class=\"ml-button\" href=\"https:\/\/musicandlol.com\/events\/category\/adultes\/\"> \ud83c\udf77 Voir toutes les dates Adultes <\/a> <\/div>\n\n\n\n<hr class=\"wp-block-separator has-alpha-channel-opacity\"\/>\n\n\n\n<h2 class=\"wp-block-heading has-text-align-center\">\ud83c\udf77 C\u00e9libataires<\/h2>\n\n\n\n<p class=\"has-text-align-center\">Une com\u00e9die moderne, dr\u00f4le et mordante, qui explore le monde des rencontres amoureuses : speed-dating, applis et quiproquos amoureux.<\/p>\n\n\n\n<div class=\"ml-btn-wrap\"> <a class=\"ml-button\" href=\"\/index.php\/\ud83c\udf77-celibataires-comedie-moderne-sur-lamour\/\"> D\u00e9couvrir la fiche <\/a> <\/div>\n\n\n\n<hr class=\"wp-block-separator has-alpha-channel-opacity\"\/>\n\n\n\n<h2 class=\"wp-block-heading has-text-align-center\">\ud83c\udf77 D\u00e9boulversante (Marie D\u00e9boul)<\/h2>\n\n\n\n<p class=\"has-text-align-center\">Un seule-en-sc\u00e8ne autobiographique, cash et \u00e9mouvant, o\u00f9 Marie D\u00e9boul aborde avec humour et sinc\u00e9rit\u00e9 des th\u00e9matiques intimes et universelles.<\/p>\n\n\n\n<div class=\"ml-btn-wrap\"> <a class=\"ml-button\" href=\"\/index.php\/\ud83c\udf77-deboulversante-confidences-droles-et-sans-filtre\/\"> D\u00e9couvrir la fiche <\/a> <\/div>\n\n\n\n<hr class=\"wp-block-separator has-alpha-channel-opacity\"\/>\n\n\n\n<h2 class=\"wp-block-heading has-text-align-center\">\ud83c\udf77 Mi Classe Mi Connasse<\/h2>\n\n\n\n<p class=\"has-text-align-center\">Le 4\u00e8me Opus de Marie d\u00e9boul, un show entre sketchs, personnages et Stand-Up<\/p>\n\n\n\n<div class=\"ml-btn-wrap\"> <a class=\"ml-button\" href=\"\/index.php\/\ud83c\udf77-mi-classe-mi-connasse\/\"> D\u00e9couvrir la fiche <\/a> <\/div>\n","protected":false},"excerpt":{"rendered":"<p>\ud83c\udf77 Nos spectacles adultes Un humour sans filtre, des histoires intimes ou d\u00e9cal\u00e9es : nos [&hellip;]<\/p>\n","protected":false},"author":1,"featured_media":0,"parent":0,"menu_order":0,"comment_status":"closed","ping_status":"closed","template":"","meta":{"_price":"","_stock":"","_tribe_ticket_header":"","_tribe_default_ticket_provider":"","_tribe_ticket_capacity":"0","_ticket_start_date":"","_ticket_end_date":"","_tribe_ticket_show_description":"","_tribe_ticket_show_not_going":false,"_tribe_ticket_use_global_stock":"","_tribe_ticket_global_stock_level":"","_global_stock_mode":"","_global_stock_cap":"","_tribe_rsvp_for_event":"","_tribe_ticket_going_count":"","_tribe_ticket_not_going_count":"","_tribe_tickets_list":"[]","_tribe_ticket_has_attendee_info_fields":false,"footnotes":"","_tec_slr_enabled":"","_tec_slr_layout":""},"class_list":["post-1655","page","type-page","status-publish","hentry"],"ticketed":false,"_links":{"self":[{"href":"https:\/\/musicandlol.com\/index.php?rest_route=\/wp\/v2\/pages\/1655","targetHints":{"allow":["GET"]}}],"collection":[{"href":"https:\/\/musicandlol.com\/index.php?rest_route=\/wp\/v2\/pages"}],"about":[{"href":"https:\/\/musicandlol.com\/index.php?rest_route=\/wp\/v2\/types\/page"}],"author":[{"embeddable":true,"href":"https:\/\/musicandlol.com\/index.php?rest_route=\/wp\/v2\/users\/1"}],"replies":[{"embeddable":true,"href":"https:\/\/musicandlol.com\/index.php?rest_route=%2Fwp%2Fv2%2Fcomments&post=1655"}],"version-history":[{"count":4,"href":"https:\/\/musicandlol.com\/index.php?rest_route=\/wp\/v2\/pages\/1655\/revisions"}],"predecessor-version":[{"id":2313,"href":"https:\/\/musicandlol.com\/index.php?rest_route=\/wp\/v2\/pages\/1655\/revisions\/2313"}],"wp:attachment":[{"href":"https:\/\/musicandlol.com\/index.php?rest_route=%2Fwp%2Fv2%2Fmedia&parent=1655"}],"curies":[{"name":"wp","href":"https:\/\/api.w.org\/{rel}","templated":true}]}}