{"id":1663,"date":"2025-03-22T16:35:36","date_gmt":"2025-03-22T15:35:36","guid":{"rendered":"https:\/\/musicandlol.com\/?page_id=1663"},"modified":"2025-08-26T12:35:10","modified_gmt":"2025-08-26T10:35:10","slug":"nos-spectacles","status":"publish","type":"page","link":"https:\/\/musicandlol.com\/?page_id=1663","title":{"rendered":"Nos Spectacles"},"content":{"rendered":"\n<p class=\"has-text-align-center\">D\u00e9couvrez l\u2019ensemble des spectacles propos\u00e9s par <strong>Music and Lol<\/strong> : du jeune public aux com\u00e9dies tout public, en passant par des cr\u00e9ations r\u00e9serv\u00e9es aux adultes.<br>Cette r\u00e9partition par cat\u00e9gorie est avant tout l\u00e0 pour <strong>guider vos choix<\/strong> :<\/p>\n\n\n\n<ul class=\"wp-block-list\">\n<li>\u2728 Les spectacles \u201cJeune public\u201d s\u2019adressent d\u2019abord aux enfants, mais plaisent aussi aux familles et aux plus grands.<\/li>\n\n\n\n<li>\ud83c\udfad Les spectacles \u201cTout public\u201d conviennent \u00e0 toutes les g\u00e9n\u00e9rations, de la primaire aux seniors.<\/li>\n\n\n\n<li>\ud83c\udf77 Les spectacles \u201cAdultes\u201d sont sp\u00e9cifiquement destin\u00e9s \u00e0 un public averti : leur contenu, plus cru ou intimiste, n\u2019est pas adapt\u00e9 aux enfants.<\/li>\n<\/ul>\n\n\n\n<hr class=\"wp-block-separator has-alpha-channel-opacity\"\/>\n\n\n\n<h2 class=\"wp-block-heading has-text-align-center\">\u2728 Spectacles jeune public<\/h2>\n\n\n\n<p class=\"has-text-align-center\">De la magie, des contes et des univers f\u00e9\u00e9riques pour les enfants et leurs familles.<\/p>\n\n\n\n<div class=\"ml-btn-wrap\"> <a class=\"ml-button\" href=\"\/index.php\/pour-les-enfants\/\"> \u2728 D\u00e9couvrir les spectacles jeune public <\/a> <\/div>\n\n\n\n<hr class=\"wp-block-separator has-alpha-channel-opacity\"\/>\n\n\n\n<h2 class=\"wp-block-heading has-text-align-center\">\ud83c\udfad Spectacles tout public<\/h2>\n\n\n\n<p class=\"has-text-align-center\">Com\u00e9dies, magie, po\u00e9sie et rires accessibles \u00e0 toutes les g\u00e9n\u00e9rations.<\/p>\n\n\n\n<div class=\"ml-btn-wrap\"> <a class=\"ml-button\" href=\"\/index.php\/tout-public\/\"> \ud83c\udfad D\u00e9couvrir les spectacles tout public <\/a> <\/div>\n\n\n\n<hr class=\"wp-block-separator has-alpha-channel-opacity\"\/>\n\n\n\n<h2 class=\"wp-block-heading has-text-align-center\">\ud83c\udf77 Spectacles adultes<\/h2>\n\n\n\n<p class=\"has-text-align-center\">Des cr\u00e9ations cash, sinc\u00e8res ou d\u00e9cal\u00e9es, r\u00e9serv\u00e9es \u00e0 un public adulte.<\/p>\n\n\n\n<div class=\"ml-btn-wrap\"> <a class=\"ml-button\" href=\"\/index.php\/pour-les-adultes\/\"> \ud83c\udf77 D\u00e9couvrir les spectacles adultes <\/a> <\/div>\n\n\n\n<p><\/p>\n","protected":false},"excerpt":{"rendered":"<p>D\u00e9couvrez l\u2019ensemble des spectacles propos\u00e9s par Music and Lol : du jeune public aux com\u00e9dies [&hellip;]<\/p>\n","protected":false},"author":1,"featured_media":0,"parent":0,"menu_order":0,"comment_status":"closed","ping_status":"closed","template":"","meta":{"_price":"","_stock":"","_tribe_ticket_header":"","_tribe_default_ticket_provider":"","_tribe_ticket_capacity":"0","_ticket_start_date":"","_ticket_end_date":"","_tribe_ticket_show_description":"","_tribe_ticket_show_not_going":false,"_tribe_ticket_use_global_stock":"","_tribe_ticket_global_stock_level":"","_global_stock_mode":"","_global_stock_cap":"","_tribe_rsvp_for_event":"","_tribe_ticket_going_count":"","_tribe_ticket_not_going_count":"","_tribe_tickets_list":"[]","_tribe_ticket_has_attendee_info_fields":false,"footnotes":"","_tec_slr_enabled":"","_tec_slr_layout":""},"class_list":["post-1663","page","type-page","status-publish","hentry"],"ticketed":false,"_links":{"self":[{"href":"https:\/\/musicandlol.com\/index.php?rest_route=\/wp\/v2\/pages\/1663","targetHints":{"allow":["GET"]}}],"collection":[{"href":"https:\/\/musicandlol.com\/index.php?rest_route=\/wp\/v2\/pages"}],"about":[{"href":"https:\/\/musicandlol.com\/index.php?rest_route=\/wp\/v2\/types\/page"}],"author":[{"embeddable":true,"href":"https:\/\/musicandlol.com\/index.php?rest_route=\/wp\/v2\/users\/1"}],"replies":[{"embeddable":true,"href":"https:\/\/musicandlol.com\/index.php?rest_route=%2Fwp%2Fv2%2Fcomments&post=1663"}],"version-history":[{"count":3,"href":"https:\/\/musicandlol.com\/index.php?rest_route=\/wp\/v2\/pages\/1663\/revisions"}],"predecessor-version":[{"id":2066,"href":"https:\/\/musicandlol.com\/index.php?rest_route=\/wp\/v2\/pages\/1663\/revisions\/2066"}],"wp:attachment":[{"href":"https:\/\/musicandlol.com\/index.php?rest_route=%2Fwp%2Fv2%2Fmedia&parent=1663"}],"curies":[{"name":"wp","href":"https:\/\/api.w.org\/{rel}","templated":true}]}}