{"id":1716,"date":"2025-03-23T19:38:09","date_gmt":"2025-03-23T18:38:09","guid":{"rendered":"https:\/\/musicandlol.com\/?page_id=1716"},"modified":"2025-08-28T12:05:20","modified_gmt":"2025-08-28T10:05:20","slug":"%f0%9f%8e%b8-gaze-line-groupe-de-reprises-rock-hits-incontournables-2","status":"publish","type":"page","link":"https:\/\/musicandlol.com\/?page_id=1716","title":{"rendered":"\ud83c\udfb8 GAZE LINE \u2013 Reprises rock &amp; hits incontournables"},"content":{"rendered":"\n<p class=\"has-text-align-center\"><strong>Un concentr\u00e9 d\u2019\u00e9nergie et de souvenirs rock<\/strong><\/p>\n\n\n\n<h3 class=\"wp-block-heading has-text-align-center\"><strong>Un concentr\u00e9 d\u2019\u00e9nergie et de souvenirs rock !<\/strong><\/h3>\n\n\n\n<p class=\"has-text-align-center\">Gaze Line, c\u2019est bien plus qu\u2019un simple groupe de reprises : c\u2019est une v\u00e9ritable machine \u00e0 remonter le temps, port\u00e9e par des musiciens chevronn\u00e9s issus de groupes reconnus comme <em>The Clan\u2019s<\/em>, <em>Cruiser38<\/em> et <em>Alkaline<\/em>.<\/p>\n\n\n\n<p class=\"has-text-align-center\">\ud83c\udfb6 T\u00e9l\u00e9phone, ZZ Top, ACDC\u2026 pr\u00e9parez-vous \u00e0 chanter, danser et vibrer au rythme des grands classiques du rock !<\/p>\n\n\n\n<p><\/p>\n\n\n\n<h3 class=\"wp-block-heading has-text-align-center\">\ud83c\udfa4 <strong>Id\u00e9al pour vos \u00e9v\u00e9nements :<\/strong><\/h3>\n\n\n\n<p class=\"has-text-align-center\">F\u00eates de ville, bals et festivals<\/p>\n\n\n\n<p class=\"has-text-align-center\">Soir\u00e9es priv\u00e9es ou d\u2019entreprise<\/p>\n\n\n\n<p class=\"has-text-align-center\">Salles de concert, caf\u00e9s-concerts<\/p>\n\n\n\n<p class=\"has-text-align-center\">Comit\u00e9s des f\u00eates, associations<\/p>\n\n\n\n<p><\/p>\n\n\n\n<h3 class=\"wp-block-heading has-text-align-center\">\ud83c\udfb6 <strong>Ce que propose Gaze Line :<\/strong><\/h3>\n\n\n\n<p class=\"has-text-align-center\">Reprises 100 % live : rock, pop, ann\u00e9es 80\/90<\/p>\n\n\n\n<p class=\"has-text-align-center\">Ambiance dansante, festive et participative<\/p>\n\n\n\n<p class=\"has-text-align-center\">Show adaptable : 1h \u00e0 2h selon vos besoins<\/p>\n\n\n\n<p><\/p>\n\n\n\n<figure class=\"wp-block-embed aligncenter is-type-video is-provider-youtube wp-block-embed-youtube wp-embed-aspect-16-9 wp-has-aspect-ratio\"><div class=\"wp-block-embed__wrapper\">\n<iframe loading=\"lazy\" title=\"Sharp dressed man zztop cover par GAZE LINE\" width=\"640\" height=\"360\" src=\"https:\/\/www.youtube.com\/embed\/8-BMsg5JPuE?list=PLvHpwaYxrUsXCCsKv1AJCDp1dp5V3nIwF\" frameborder=\"0\" allow=\"accelerometer; autoplay; clipboard-write; encrypted-media; gyroscope; picture-in-picture; web-share\" referrerpolicy=\"strict-origin-when-cross-origin\" allowfullscreen><\/iframe>\n<\/div><\/figure>\n\n\n\n<p class=\"has-text-align-center\"><\/p>\n\n\n\n<h3 class=\"wp-block-heading has-text-align-center\">\ud83d\udccd <strong>Infos pratiques :<\/strong><\/h3>\n\n\n\n<p class=\"has-text-align-center\">Formation : 5 musiciens<\/p>\n\n\n\n<p class=\"has-text-align-center\">D\u00e9placement : Hauts-de-France &amp; au-del\u00e0<\/p>\n\n\n\n<p class=\"has-text-align-center\">Mat\u00e9riel son\/lumi\u00e8re : sur demande<\/p>\n\n\n\n<h3 class=\"wp-block-heading has-text-align-center\"><strong>Pour plus d\u2019informations<\/strong><\/h3>\n\n\n\n<p class=\"has-text-align-center\"><br>Music and Lol \u2013 <a href=\"mailto:administration@musicandlol.com\">administration@musicandlol.com<\/a> \u2013 06&nbsp;61&nbsp;70&nbsp;45&nbsp;02<\/p>\n\n\n\n<h3 class=\"wp-block-heading has-text-align-center\"><strong>Vous souhaitez conna\u00eetre les futurs \u00e9v\u00e8nements&nbsp;?<\/strong><\/h3>\n\n\n\n<div class=\"ml-btn-wrap\"> <a class=\"ml-button\" href=\"https:\/\/musicandlol.com\/agenda-concerts\/\"> \ud83c\udfb6 Voir toutes les dates Concerts <\/a> <\/div>\n\n\n\n<p><\/p>\n","protected":false},"excerpt":{"rendered":"<p>Un concentr\u00e9 d\u2019\u00e9nergie et de souvenirs rock Un concentr\u00e9 d\u2019\u00e9nergie et de souvenirs rock ! [&hellip;]<\/p>\n","protected":false},"author":1,"featured_media":0,"parent":0,"menu_order":0,"comment_status":"closed","ping_status":"closed","template":"","meta":{"_price":"","_stock":"","_tribe_ticket_header":"","_tribe_default_ticket_provider":"","_tribe_ticket_capacity":"0","_ticket_start_date":"","_ticket_end_date":"","_tribe_ticket_show_description":"","_tribe_ticket_show_not_going":false,"_tribe_ticket_use_global_stock":"","_tribe_ticket_global_stock_level":"","_global_stock_mode":"","_global_stock_cap":"","_tribe_rsvp_for_event":"","_tribe_ticket_going_count":"","_tribe_ticket_not_going_count":"","_tribe_tickets_list":"[]","_tribe_ticket_has_attendee_info_fields":false,"footnotes":"","_tec_slr_enabled":"","_tec_slr_layout":""},"class_list":["post-1716","page","type-page","status-publish","hentry"],"ticketed":false,"_links":{"self":[{"href":"https:\/\/musicandlol.com\/index.php?rest_route=\/wp\/v2\/pages\/1716","targetHints":{"allow":["GET"]}}],"collection":[{"href":"https:\/\/musicandlol.com\/index.php?rest_route=\/wp\/v2\/pages"}],"about":[{"href":"https:\/\/musicandlol.com\/index.php?rest_route=\/wp\/v2\/types\/page"}],"author":[{"embeddable":true,"href":"https:\/\/musicandlol.com\/index.php?rest_route=\/wp\/v2\/users\/1"}],"replies":[{"embeddable":true,"href":"https:\/\/musicandlol.com\/index.php?rest_route=%2Fwp%2Fv2%2Fcomments&post=1716"}],"version-history":[{"count":4,"href":"https:\/\/musicandlol.com\/index.php?rest_route=\/wp\/v2\/pages\/1716\/revisions"}],"predecessor-version":[{"id":2219,"href":"https:\/\/musicandlol.com\/index.php?rest_route=\/wp\/v2\/pages\/1716\/revisions\/2219"}],"wp:attachment":[{"href":"https:\/\/musicandlol.com\/index.php?rest_route=%2Fwp%2Fv2%2Fmedia&parent=1716"}],"curies":[{"name":"wp","href":"https:\/\/api.w.org\/{rel}","templated":true}]}}