{"id":1739,"date":"2025-08-21T11:28:48","date_gmt":"2025-08-21T09:28:48","guid":{"rendered":"https:\/\/musicandlol.com\/?page_id=1739"},"modified":"2025-08-28T12:05:31","modified_gmt":"2025-08-28T10:05:31","slug":"tout-public","status":"publish","type":"page","link":"https:\/\/musicandlol.com\/?page_id=1739","title":{"rendered":"Spectacles Tout Public"},"content":{"rendered":"\n<h2 class=\"wp-block-heading has-text-align-center\">\ud83c\udfad Nos spectacles tout public<\/h2>\n\n\n\n<p class=\"has-text-align-center\">Des com\u00e9dies, de la magie, de la po\u00e9sie et du rire : nos spectacles tout public s\u00e9duisent toutes les g\u00e9n\u00e9rations, des adolescents aux adultes.<\/p>\n\n\n\n<div class=\"ml-btn-wrap\"> <a class=\"ml-button\" href=\"https:\/\/musicandlol.com\/events\/category\/tout-public\/\"> \ud83c\udfad Voir toutes les dates Tout Public <\/a> <\/div>\n\n\n\n<hr class=\"wp-block-separator has-alpha-channel-opacity\"\/>\n\n\n\n<h2 class=\"wp-block-heading has-text-align-center\">\ud83c\udfad Deux fois rien<\/h2>\n\n\n\n<p class=\"has-text-align-center\">Po\u00e9sie et musique s\u2019entrelacent dans ce spectacle sensible et intimiste qui m\u00eale rires, \u00e9motions et douceur.<\/p>\n\n\n\n<div class=\"ml-btn-wrap\"> <a class=\"ml-button\" href=\"https:\/\/musicandlol.com\/\ud83c\udfad-deux-fois-rien-poesie-et-musique-pour-un-moment-unique\/\"> D\u00e9couvrir la fiche <\/a> <\/div>\n\n\n\n<hr class=\"wp-block-separator has-alpha-channel-opacity\"\/>\n\n\n\n<h2 class=\"wp-block-heading has-text-align-center\">\ud83c\udfad Fran\u00e7ois Lange &amp; Mary Coppins<\/h2>\n\n\n\n<p class=\"has-text-align-center\">Magie, hypnose et humour pour un duo \u00e9tonnant qui fait participer petits et grands dans une exp\u00e9rience inoubliable.<\/p>\n\n\n\n<div class=\"ml-btn-wrap\"> <a class=\"ml-button\" href=\"\/index.php\/\ud83c\udfad-francois-lange-mary-coppins-magie-hypnose-et-humour\/\"> D\u00e9couvrir la fiche <\/a> <\/div>\n\n\n\n<hr class=\"wp-block-separator has-alpha-channel-opacity\"\/>\n\n\n\n<h2 class=\"wp-block-heading has-text-align-center\">\ud83c\udfad Serment d\u2019Hypocrite<\/h2>\n\n\n\n<p class=\"has-text-align-center\">Une com\u00e9die satirique hilarante autour du monde m\u00e9dical, pleine de personnages hauts en couleur et de r\u00e9pliques mordantes.<\/p>\n\n\n\n<div class=\"ml-btn-wrap\"> <a class=\"ml-button\" href=\"\/index.php\/\ud83c\udfad-serment-dhypocrite-humour-medical-decapant\/\"> D\u00e9couvrir la fiche <\/a> <\/div>\n\n\n\n<hr class=\"wp-block-separator has-alpha-channel-opacity\"\/>\n\n\n\n<h2 class=\"wp-block-heading has-text-align-center\">\ud83c\udfad Un ado peut en cacher un autre<\/h2>\n\n\n\n<p class=\"has-text-align-center\">Une com\u00e9die familiale moderne, dr\u00f4le et attachante, qui met en sc\u00e8ne les p\u00e9rip\u00e9ties de deux adolescents au caract\u00e8re oppos\u00e9.<\/p>\n\n\n\n<div class=\"ml-btn-wrap\"> <a class=\"ml-button\" href=\"\/index.php\/\ud83c\udfad-un-ado-peut-en-cacher-un-autre-comedie-familiale\/\"> D\u00e9couvrir la fiche <\/a> <\/div>\n\n\n\n<hr class=\"wp-block-separator has-alpha-channel-opacity\"\/>\n\n\n\n<h2 class=\"wp-block-heading has-text-align-center\">\ud83c\udfad Sur les traces d\u2019Ars\u00e8ne Lupin<\/h2>\n\n\n\n<p class=\"has-text-align-center\">Un hommage captivant au gentleman cambrioleur \u00e0 travers le mentalisme, l\u2019illusion et la po\u00e9sie. Myst\u00e8re garanti !<\/p>\n\n\n\n<div class=\"ml-btn-wrap\"> <a class=\"ml-button\" href=\"\/index.php\/\ud83c\udfad-sur-les-traces-darsene-lupin-mentalisme-poesie-et-mystere\/\"> D\u00e9couvrir la fiche <\/a> <\/div>\n","protected":false},"excerpt":{"rendered":"<p>\ud83c\udfad Nos spectacles tout public Des com\u00e9dies, de la magie, de la po\u00e9sie et du [&hellip;]<\/p>\n","protected":false},"author":1,"featured_media":0,"parent":0,"menu_order":0,"comment_status":"closed","ping_status":"closed","template":"","meta":{"_price":"","_stock":"","_tribe_ticket_header":"","_tribe_default_ticket_provider":"","_tribe_ticket_capacity":"0","_ticket_start_date":"","_ticket_end_date":"","_tribe_ticket_show_description":"","_tribe_ticket_show_not_going":false,"_tribe_ticket_use_global_stock":"","_tribe_ticket_global_stock_level":"","_global_stock_mode":"","_global_stock_cap":"","_tribe_rsvp_for_event":"","_tribe_ticket_going_count":"","_tribe_ticket_not_going_count":"","_tribe_tickets_list":"[]","_tribe_ticket_has_attendee_info_fields":false,"footnotes":"","_tec_slr_enabled":"","_tec_slr_layout":""},"class_list":["post-1739","page","type-page","status-publish","hentry"],"ticketed":false,"_links":{"self":[{"href":"https:\/\/musicandlol.com\/index.php?rest_route=\/wp\/v2\/pages\/1739","targetHints":{"allow":["GET"]}}],"collection":[{"href":"https:\/\/musicandlol.com\/index.php?rest_route=\/wp\/v2\/pages"}],"about":[{"href":"https:\/\/musicandlol.com\/index.php?rest_route=\/wp\/v2\/types\/page"}],"author":[{"embeddable":true,"href":"https:\/\/musicandlol.com\/index.php?rest_route=\/wp\/v2\/users\/1"}],"replies":[{"embeddable":true,"href":"https:\/\/musicandlol.com\/index.php?rest_route=%2Fwp%2Fv2%2Fcomments&post=1739"}],"version-history":[{"count":5,"href":"https:\/\/musicandlol.com\/index.php?rest_route=\/wp\/v2\/pages\/1739\/revisions"}],"predecessor-version":[{"id":2216,"href":"https:\/\/musicandlol.com\/index.php?rest_route=\/wp\/v2\/pages\/1739\/revisions\/2216"}],"wp:attachment":[{"href":"https:\/\/musicandlol.com\/index.php?rest_route=%2Fwp%2Fv2%2Fmedia&parent=1739"}],"curies":[{"name":"wp","href":"https:\/\/api.w.org\/{rel}","templated":true}]}}