{"id":1998,"date":"2025-08-25T12:18:27","date_gmt":"2025-08-25T10:18:27","guid":{"rendered":"https:\/\/musicandlol.com\/?page_id=1998"},"modified":"2025-08-25T12:18:32","modified_gmt":"2025-08-25T10:18:32","slug":"%f0%9f%8e%ad-deux-fois-rien-poesie-et-musique-pour-un-moment-unique","status":"publish","type":"page","link":"https:\/\/musicandlol.com\/?page_id=1998","title":{"rendered":"\ud83c\udfad Deux fois rien \u2013 Po\u00e9sie et musique pour un moment unique"},"content":{"rendered":"\n<h2 class=\"wp-block-heading has-text-align-center\">\ud83c\udf1f Quand la musique rencontre les mots<\/h2>\n\n\n\n<p class=\"has-text-align-center\">Deux artistes, un piano et une voix, pour un voyage po\u00e9tique et musical o\u00f9 l\u2019\u00e9motion se m\u00eale au rire. <em>Deux fois rien<\/em> transforme chaque instant en une bulle de douceur et de partage, o\u00f9 les spectateurs sont happ\u00e9s par la magie des textes et des notes.<\/p>\n\n\n\n<hr class=\"wp-block-separator has-alpha-channel-opacity\"\/>\n\n\n\n<h2 class=\"wp-block-heading has-text-align-center\">\ud83c\udfad Un spectacle sensible et universel<\/h2>\n\n\n\n<ul class=\"wp-block-list\">\n<li>Une alchimie parfaite entre po\u00e9sie et musique live<\/li>\n\n\n\n<li>Un m\u00e9lange de rires, d\u2019\u00e9motions et de tendresse<\/li>\n\n\n\n<li>Un format intimiste, id\u00e9al pour cr\u00e9er un lien direct avec le public<\/li>\n\n\n\n<li>Un moment suspendu qui parle \u00e0 toutes les g\u00e9n\u00e9rations<\/li>\n<\/ul>\n\n\n\n<hr class=\"wp-block-separator has-alpha-channel-opacity\"\/>\n\n\n\n<h2 class=\"wp-block-heading has-text-align-center\">\ud83d\udccc Infos pratiques<\/h2>\n\n\n\n<ul class=\"wp-block-list\">\n<li><strong>Public cible<\/strong> : Tout public<\/li>\n\n\n\n<li><strong>Dur\u00e9e<\/strong> : environ 1h15<\/li>\n\n\n\n<li><strong>Technique<\/strong> : piano + voix, adaptable en salle ou en ext\u00e9rieur intimiste<\/li>\n\n\n\n<li><strong>Id\u00e9al pour<\/strong> : m\u00e9diath\u00e8ques, centres culturels, festivals, soir\u00e9es priv\u00e9es<\/li>\n\n\n\n<li><strong>D\u00e9placement<\/strong> : Hauts-de-France et au-del\u00e0<\/li>\n<\/ul>\n\n\n\n<hr class=\"wp-block-separator has-alpha-channel-opacity\"\/>\n\n\n\n<h2 class=\"wp-block-heading has-text-align-center\">\ud83c\udfac Extrait vid\u00e9o \/ photo<\/h2>\n\n\n<div class=\"wp-block-image\">\n<figure class=\"aligncenter size-full is-resized\"><img loading=\"lazy\" decoding=\"async\" width=\"654\" height=\"662\" src=\"https:\/\/musicandlol.com\/wp-content\/uploads\/2023\/09\/Affiche-e1756117054666.jpg\" alt=\"Image Deux fois Rien\" class=\"wp-image-1632\" style=\"width:433px;height:auto\" srcset=\"https:\/\/musicandlol.com\/wp-content\/uploads\/2023\/09\/Affiche-e1756117054666.jpg 654w, https:\/\/musicandlol.com\/wp-content\/uploads\/2023\/09\/Affiche-e1756117054666-296x300.jpg 296w\" sizes=\"auto, (max-width: 654px) 100vw, 654px\" \/><\/figure>\n<\/div>\n\n\n<hr class=\"wp-block-separator has-alpha-channel-opacity\"\/>\n\n\n\n<h2 class=\"wp-block-heading has-text-align-center\">\u2753 Vous souhaitez conna\u00eetre les futurs \u00e9v\u00e8nements ?<\/h2>\n\n\n\n<div class=\"ml-btn-wrap\"> <a class=\"ml-button\" href=\"https:\/\/musicandlol.com\/events\/category\/tout-public\/\"> \ud83c\udfad Voir toutes les dates Tout Public <\/a> <\/div>\n\n\n\n<hr class=\"wp-block-separator has-alpha-channel-opacity\"\/>\n\n\n\n<h2 class=\"wp-block-heading has-text-align-center\">\u2139\ufe0f Pour plus d\u2019informations<\/h2>\n\n\n\n<p class=\"has-text-align-center\">Music and Lol \u2013 <a href=\"mailto:administration@musicandlol.com\">administration@musicandlol.com<\/a> \u2013 06 61 70 45 02<\/p>\n","protected":false},"excerpt":{"rendered":"<p>\ud83c\udf1f Quand la musique rencontre les mots Deux artistes, un piano et une voix, pour [&hellip;]<\/p>\n","protected":false},"author":1,"featured_media":0,"parent":0,"menu_order":0,"comment_status":"closed","ping_status":"closed","template":"","meta":{"_price":"","_stock":"","_tribe_ticket_header":"","_tribe_default_ticket_provider":"","_tribe_ticket_capacity":"0","_ticket_start_date":"","_ticket_end_date":"","_tribe_ticket_show_description":"","_tribe_ticket_show_not_going":false,"_tribe_ticket_use_global_stock":"","_tribe_ticket_global_stock_level":"","_global_stock_mode":"","_global_stock_cap":"","_tribe_rsvp_for_event":"","_tribe_ticket_going_count":"","_tribe_ticket_not_going_count":"","_tribe_tickets_list":"[]","_tribe_ticket_has_attendee_info_fields":false,"footnotes":"","_tec_slr_enabled":"","_tec_slr_layout":""},"class_list":["post-1998","page","type-page","status-publish","hentry"],"ticketed":false,"_links":{"self":[{"href":"https:\/\/musicandlol.com\/index.php?rest_route=\/wp\/v2\/pages\/1998","targetHints":{"allow":["GET"]}}],"collection":[{"href":"https:\/\/musicandlol.com\/index.php?rest_route=\/wp\/v2\/pages"}],"about":[{"href":"https:\/\/musicandlol.com\/index.php?rest_route=\/wp\/v2\/types\/page"}],"author":[{"embeddable":true,"href":"https:\/\/musicandlol.com\/index.php?rest_route=\/wp\/v2\/users\/1"}],"replies":[{"embeddable":true,"href":"https:\/\/musicandlol.com\/index.php?rest_route=%2Fwp%2Fv2%2Fcomments&post=1998"}],"version-history":[{"count":1,"href":"https:\/\/musicandlol.com\/index.php?rest_route=\/wp\/v2\/pages\/1998\/revisions"}],"predecessor-version":[{"id":1999,"href":"https:\/\/musicandlol.com\/index.php?rest_route=\/wp\/v2\/pages\/1998\/revisions\/1999"}],"wp:attachment":[{"href":"https:\/\/musicandlol.com\/index.php?rest_route=%2Fwp%2Fv2%2Fmedia&parent=1998"}],"curies":[{"name":"wp","href":"https:\/\/api.w.org\/{rel}","templated":true}]}}