{"id":2308,"date":"2025-11-07T16:02:51","date_gmt":"2025-11-07T15:02:51","guid":{"rendered":"https:\/\/musicandlol.com\/?page_id=2308"},"modified":"2025-11-07T16:12:45","modified_gmt":"2025-11-07T15:12:45","slug":"%f0%9f%8d%b7-mi-classe-mi-connasse","status":"publish","type":"page","link":"https:\/\/musicandlol.com\/?page_id=2308","title":{"rendered":"\ud83c\udf77 Mi Classe Mi Connasse"},"content":{"rendered":"\n<h2 class=\"wp-block-heading has-text-align-center\">\ud83c\udf1f Rien ne l&rsquo;arr\u00eate<\/h2>\n\n\n\n<p class=\"has-text-align-center\"><br>Marie D\u00e9boul pr\u00e9sente son 4\u1d49 opus : \u00ab\u00a0Mi classe, mi connasse\u00a0\u00bb Un one-woman show entre sketchs, personnages et stand-up.<\/p>\n\n\n\n<hr class=\"wp-block-separator has-alpha-channel-opacity\"\/>\n\n\n\n<h2 class=\"wp-block-heading has-text-align-center\">\ud83c\udfad Une com\u00e9die aux multiples facettes<\/h2>\n\n\n\n<p class=\"has-text-align-center\"><br><strong>Oubliez tout ce que vous croyez savoir sur les femmes parfaites. Marie D\u00e9boul n\u2019est ni parfaite, ni refaite, mais surtout, elle ne rentre dans aucune case.<\/strong><\/p>\n\n\n\n<p class=\"has-text-align-center\"><strong>Entre son hypersensibilit\u00e9, ses phobies, son c\u00f4t\u00e9 chat noir, son instabilit\u00e9 sexuelle et son temp\u00e9rament provocateur, elle n\u2019est pas politiquement correcte \u2014 et elle l\u2019assume parfaitement.<\/strong><\/p>\n\n\n\n<p class=\"has-text-align-center\"><strong>Elle est \u00e9l\u00e9gante, percutante et d\u00e9routante&#8230; mais ne vous y trompez pas :sous les talons, y\u2019a du cran, du feu et une bonne dose de sarcasme.<\/strong><\/p>\n\n\n\n<p class=\"has-text-align-center\"><strong>Bienvenue dans son univers : entre talons et punchlines, entre chic et choc. Elle est&#8230;\u00a0\u00bbMI CLASSE&#8230; MI CONNASSE.\u00a0\u00bb<\/strong><\/p>\n\n\n\n<hr class=\"wp-block-separator has-alpha-channel-opacity\"\/>\n\n\n\n<h2 class=\"wp-block-heading has-text-align-center\">\ud83d\udccc Infos pratiques<\/h2>\n\n\n\n<ul class=\"wp-block-list\">\n<li><strong>Public cible<\/strong> : Adultes<\/li>\n\n\n\n<li><strong>Dur\u00e9e<\/strong> : environ 1h15<\/li>\n\n\n\n<li><strong>Technique<\/strong> : seule en sc\u00e8ne, spectacle l\u00e9ger et adaptable<\/li>\n\n\n\n<li><strong>Id\u00e9al pour<\/strong> : soir\u00e9es cabaret, caf\u00e9s-th\u00e9\u00e2tres, associations culturelles<\/li>\n\n\n\n<li><strong>D\u00e9placement<\/strong> : France, Belgique, Suisse et autre<\/li>\n<\/ul>\n\n\n\n<hr class=\"wp-block-separator has-alpha-channel-opacity\"\/>\n\n\n\n<h2 class=\"wp-block-heading has-text-align-center\">\ud83c\udfac Extrait vid\u00e9o \/ photo<\/h2>\n\n\n<div class=\"wp-block-image\">\n<figure class=\"aligncenter size-large is-resized\"><img loading=\"lazy\" decoding=\"async\" width=\"724\" height=\"1024\" src=\"https:\/\/musicandlol.com\/wp-content\/uploads\/2025\/11\/affiche-je-suis-une-connasse-724x1024.jpg\" alt=\"\" class=\"wp-image-2303\" style=\"width:391px;height:auto\" srcset=\"https:\/\/musicandlol.com\/wp-content\/uploads\/2025\/11\/affiche-je-suis-une-connasse-724x1024.jpg 724w, https:\/\/musicandlol.com\/wp-content\/uploads\/2025\/11\/affiche-je-suis-une-connasse-212x300.jpg 212w, https:\/\/musicandlol.com\/wp-content\/uploads\/2025\/11\/affiche-je-suis-une-connasse-768x1086.jpg 768w, https:\/\/musicandlol.com\/wp-content\/uploads\/2025\/11\/affiche-je-suis-une-connasse-1086x1536.jpg 1086w, https:\/\/musicandlol.com\/wp-content\/uploads\/2025\/11\/affiche-je-suis-une-connasse-1448x2048.jpg 1448w, https:\/\/musicandlol.com\/wp-content\/uploads\/2025\/11\/affiche-je-suis-une-connasse-scaled.jpg 1810w\" sizes=\"auto, (max-width: 724px) 100vw, 724px\" \/><\/figure>\n<\/div>\n\n\n<hr class=\"wp-block-separator has-alpha-channel-opacity\"\/>\n\n\n\n<h2 class=\"wp-block-heading has-text-align-center\">\u2753 Vous souhaitez conna\u00eetre les futurs \u00e9v\u00e8nements ?<\/h2>\n\n\n\n<div class=\"ml-btn-wrap\"> <a class=\"ml-button\" href=\"https:\/\/musicandlol.com\/events\/category\/adultes\/\"> \ud83c\udf77 Voir toutes les dates Adultes <\/a> <\/div>\n\n\n\n<hr class=\"wp-block-separator has-alpha-channel-opacity\"\/>\n\n\n\n<h2 class=\"wp-block-heading has-text-align-center\">\u2139\ufe0f Pour plus d\u2019informations<\/h2>\n\n\n\n<p class=\"has-text-align-center\">Music and Lol \u2013 <a href=\"mailto:administration@musicandlol.com\">administration@musicandlol.com<\/a> \u2013 06 61 70 45 02<\/p>\n\n\n\n<p><\/p>\n","protected":false},"excerpt":{"rendered":"<p>\ud83c\udf1f Rien ne l&rsquo;arr\u00eate Marie D\u00e9boul pr\u00e9sente son 4\u1d49 opus : \u00ab\u00a0Mi classe, mi connasse\u00a0\u00bb [&hellip;]<\/p>\n","protected":false},"author":1,"featured_media":0,"parent":0,"menu_order":0,"comment_status":"closed","ping_status":"closed","template":"","meta":{"_price":"","_stock":"","_tribe_ticket_header":"","_tribe_default_ticket_provider":"","_tribe_ticket_capacity":"0","_ticket_start_date":"","_ticket_end_date":"","_tribe_ticket_show_description":"","_tribe_ticket_show_not_going":false,"_tribe_ticket_use_global_stock":"","_tribe_ticket_global_stock_level":"","_global_stock_mode":"","_global_stock_cap":"","_tribe_rsvp_for_event":"","_tribe_ticket_going_count":"","_tribe_ticket_not_going_count":"","_tribe_tickets_list":"[]","_tribe_ticket_has_attendee_info_fields":false,"footnotes":"","_tec_slr_enabled":"","_tec_slr_layout":""},"class_list":["post-2308","page","type-page","status-publish","hentry"],"ticketed":false,"_links":{"self":[{"href":"https:\/\/musicandlol.com\/index.php?rest_route=\/wp\/v2\/pages\/2308","targetHints":{"allow":["GET"]}}],"collection":[{"href":"https:\/\/musicandlol.com\/index.php?rest_route=\/wp\/v2\/pages"}],"about":[{"href":"https:\/\/musicandlol.com\/index.php?rest_route=\/wp\/v2\/types\/page"}],"author":[{"embeddable":true,"href":"https:\/\/musicandlol.com\/index.php?rest_route=\/wp\/v2\/users\/1"}],"replies":[{"embeddable":true,"href":"https:\/\/musicandlol.com\/index.php?rest_route=%2Fwp%2Fv2%2Fcomments&post=2308"}],"version-history":[{"count":3,"href":"https:\/\/musicandlol.com\/index.php?rest_route=\/wp\/v2\/pages\/2308\/revisions"}],"predecessor-version":[{"id":2315,"href":"https:\/\/musicandlol.com\/index.php?rest_route=\/wp\/v2\/pages\/2308\/revisions\/2315"}],"wp:attachment":[{"href":"https:\/\/musicandlol.com\/index.php?rest_route=%2Fwp%2Fv2%2Fmedia&parent=2308"}],"curies":[{"name":"wp","href":"https:\/\/api.w.org\/{rel}","templated":true}]}}