{"id":2321,"date":"2025-11-07T16:38:28","date_gmt":"2025-11-07T15:38:28","guid":{"rendered":"https:\/\/musicandlol.com\/?page_id=2321"},"modified":"2025-11-07T16:38:33","modified_gmt":"2025-11-07T15:38:33","slug":"%f0%9f%8e%ad-catch-dimpro-le-punch-des-mots","status":"publish","type":"page","link":"https:\/\/musicandlol.com\/?page_id=2321","title":{"rendered":"\ud83c\udfad Catch d&rsquo;Impro \u2013 Le punch des mots"},"content":{"rendered":"\n<h2 class=\"wp-block-heading has-text-align-center\">\ud83c\udf1f C&rsquo;est vous qui d\u00e9cidez de la tournure du spectacle !<\/h2>\n\n\n\n<p class=\"has-text-align-center\"><br><strong>Deux \u00e9quipes se feront face sur sc\u00e8ne et improviseront des sayn\u00e8tes au gr\u00e9 de th\u00e8me impos\u00e9e par un arbitre !<\/strong><\/p>\n\n\n\n<hr class=\"wp-block-separator has-alpha-channel-opacity\"\/>\n\n\n\n<h2 class=\"wp-block-heading has-text-align-center\">\ud83c\udfad Un spectacle interactif de 6 \u00e0 150 ans<\/h2>\n\n\n\n<p><br><strong>Le petit plus, vous public, vous aurez aussi autorit\u00e9 sur les jouteurs : vous pourrez leur imposer des contraintes (impro en rimes, en chantant, en anglais etc.) mais surtout vous devrez en votre \u00e2me et conscience artistique voter et donner le point pour l&rsquo;\u00e9quipe que vous pr\u00e9f\u00e9rez<\/strong><\/p>\n\n\n\n<hr class=\"wp-block-separator has-alpha-channel-opacity\"\/>\n\n\n\n<h2 class=\"wp-block-heading has-text-align-center\">\ud83d\udccc Infos pratiques<\/h2>\n\n\n\n<ul class=\"wp-block-list\">\n<li><strong>Public cible<\/strong> : Tout public<\/li>\n\n\n\n<li><strong>Dur\u00e9e<\/strong> : environ 1h15<\/li>\n\n\n\n<li><strong>Id\u00e9al pour<\/strong> : Partout o\u00f9 on peut improviser<\/li>\n\n\n\n<li><strong>D\u00e9placement<\/strong> : Hauts-de-France et au-del\u00e0<\/li>\n<\/ul>\n\n\n\n<hr class=\"wp-block-separator has-alpha-channel-opacity\"\/>\n\n\n\n<h2 class=\"wp-block-heading has-text-align-center\">\ud83c\udfac Extrait vid\u00e9o \/ photo<\/h2>\n\n\n<div class=\"wp-block-image\">\n<figure class=\"aligncenter size-large is-resized\"><img loading=\"lazy\" decoding=\"async\" width=\"724\" height=\"1024\" src=\"https:\/\/musicandlol.com\/wp-content\/uploads\/2025\/11\/Vos-Chansons-60-70-80-2-724x1024.jpg\" alt=\"\" class=\"wp-image-2322\" style=\"width:456px;height:auto\" srcset=\"https:\/\/musicandlol.com\/wp-content\/uploads\/2025\/11\/Vos-Chansons-60-70-80-2-724x1024.jpg 724w, https:\/\/musicandlol.com\/wp-content\/uploads\/2025\/11\/Vos-Chansons-60-70-80-2-212x300.jpg 212w, https:\/\/musicandlol.com\/wp-content\/uploads\/2025\/11\/Vos-Chansons-60-70-80-2-768x1086.jpg 768w, https:\/\/musicandlol.com\/wp-content\/uploads\/2025\/11\/Vos-Chansons-60-70-80-2-1086x1536.jpg 1086w, https:\/\/musicandlol.com\/wp-content\/uploads\/2025\/11\/Vos-Chansons-60-70-80-2-1448x2048.jpg 1448w, https:\/\/musicandlol.com\/wp-content\/uploads\/2025\/11\/Vos-Chansons-60-70-80-2-scaled.jpg 1810w\" sizes=\"auto, (max-width: 724px) 100vw, 724px\" \/><\/figure>\n<\/div>\n\n\n<hr class=\"wp-block-separator has-alpha-channel-opacity\"\/>\n\n\n\n<h2 class=\"wp-block-heading has-text-align-center\">\u2753 Vous souhaitez conna\u00eetre les futurs \u00e9v\u00e8nements ?<\/h2>\n\n\n\n<div class=\"ml-btn-wrap\"> <a class=\"ml-button\" href=\"https:\/\/musicandlol.com\/events\/category\/tout-public\/\"> \ud83c\udfad Voir toutes les dates Tout Public <\/a> <\/div>\n\n\n\n<hr class=\"wp-block-separator has-alpha-channel-opacity\"\/>\n\n\n\n<h2 class=\"wp-block-heading has-text-align-center\">\u2139\ufe0f Pour plus d\u2019informations<\/h2>\n\n\n\n<p class=\"has-text-align-center\">Music and Lol \u2013 <a href=\"mailto:administration@musicandlol.com\">administration@musicandlol.com<\/a> \u2013 06 61 70 45 02<\/p>\n","protected":false},"excerpt":{"rendered":"<p>\ud83c\udf1f C&rsquo;est vous qui d\u00e9cidez de la tournure du spectacle ! Deux \u00e9quipes se feront [&hellip;]<\/p>\n","protected":false},"author":1,"featured_media":0,"parent":0,"menu_order":0,"comment_status":"closed","ping_status":"closed","template":"","meta":{"_price":"","_stock":"","_tribe_ticket_header":"","_tribe_default_ticket_provider":"","_tribe_ticket_capacity":"0","_ticket_start_date":"","_ticket_end_date":"","_tribe_ticket_show_description":"","_tribe_ticket_show_not_going":false,"_tribe_ticket_use_global_stock":"","_tribe_ticket_global_stock_level":"","_global_stock_mode":"","_global_stock_cap":"","_tribe_rsvp_for_event":"","_tribe_ticket_going_count":"","_tribe_ticket_not_going_count":"","_tribe_tickets_list":"[]","_tribe_ticket_has_attendee_info_fields":false,"footnotes":"","_tec_slr_enabled":"","_tec_slr_layout":""},"class_list":["post-2321","page","type-page","status-publish","hentry"],"ticketed":false,"_links":{"self":[{"href":"https:\/\/musicandlol.com\/index.php?rest_route=\/wp\/v2\/pages\/2321","targetHints":{"allow":["GET"]}}],"collection":[{"href":"https:\/\/musicandlol.com\/index.php?rest_route=\/wp\/v2\/pages"}],"about":[{"href":"https:\/\/musicandlol.com\/index.php?rest_route=\/wp\/v2\/types\/page"}],"author":[{"embeddable":true,"href":"https:\/\/musicandlol.com\/index.php?rest_route=\/wp\/v2\/users\/1"}],"replies":[{"embeddable":true,"href":"https:\/\/musicandlol.com\/index.php?rest_route=%2Fwp%2Fv2%2Fcomments&post=2321"}],"version-history":[{"count":1,"href":"https:\/\/musicandlol.com\/index.php?rest_route=\/wp\/v2\/pages\/2321\/revisions"}],"predecessor-version":[{"id":2323,"href":"https:\/\/musicandlol.com\/index.php?rest_route=\/wp\/v2\/pages\/2321\/revisions\/2323"}],"wp:attachment":[{"href":"https:\/\/musicandlol.com\/index.php?rest_route=%2Fwp%2Fv2%2Fmedia&parent=2321"}],"curies":[{"name":"wp","href":"https:\/\/api.w.org\/{rel}","templated":true}]}}